{"id":917,"date":"2017-09-12T07:18:24","date_gmt":"2017-09-12T07:18:24","guid":{"rendered":"https:\/\/www.kcs-tilburg.nl\/en\/?page_id=917"},"modified":"2018-11-15T09:32:40","modified_gmt":"2018-11-15T09:32:40","slug":"bhv-er","status":"publish","type":"page","link":"https:\/\/www.kcs-tilburg.nl\/en\/bhv-er\/","title":{"rendered":"BHV-er"},"content":{"rendered":"<p>De dienstverlening van KCS spitst zich toe op detachering, payrolling en de werving &#038; selectie van personeel ten behoeve van o.a. Tilburg University. Mocht er aan het einde van een sollicitatieprocedure overeenstemming worden bereikt, dan is de kans groot dat je via KCS gedetacheerd wordt bij Tilburg University.<br \/>\nTilburg University is een aantrekkelijke opdrachtgever om naar gedetacheerd te worden. Niet alleen voor medewerkers maar ook voor haar eigen studenten die een bijbaan zoeken.<br \/>\nWij zijn voor onze BHV-pool op zoek naar:<br \/>\n<br \/>\n<b>Bedrijfshulpverleners (m\/v) <\/b><br \/>\nAls bedrijfshulpverlener draag je bij aan het bij een (mogelijke) calamiteit tot een minimum in te perken van slachtoffers of schade. Je rapporteert aan en ontvangt hi\u00ebrarchische richtlijnen van het hoofd BHV, de gebouwenco\u00f6rdinator, de BHV co\u00f6rdinator, de ploegleider BHV en de commandant \/ bevelvoerder van hulpverlenende instanties. Daarnaast wordt van een BHV-er verwacht dat deze eigen verantwoordelijkheid neemt in het inperken of preventief voorkomen van een calamiteit door handelend op te treden, een ander te (laten) waarschuwen en te starten met ontruimen.<br \/>\n<br \/>\n<b>Wie zoeken wij? <\/b><br \/>\nWe zoeken studenten van Tilburg University die in de avonduren tussen 18.00 uur en 23.00 uur of overdag danwel van 8.00-1300 of van 13.00-18.00 uur als bedrijfshulpverlener op de universiteit aanwezig willen zijn. Je dient minimaal 1 avond per week en twee vrijdagen per maand beschikbaar te zijn. Ook in de zomermaanden en overige vakanties moeten er diensten worden geleverd. Om in onze BHV-pool opgenomen te worden dien je ingeschreven te staan als student bij Tilburg University.<br \/>\n<br \/>\n<b>Wat ga je doen? <\/b><br \/>\nDe kernactiviteiten van een BHV-er zijn het levensreddend handelen en bieden van eerste hulp. Daarnaast kun je zorgdragen voor beperking en bestrijding van een beginnende brand. Je bent in staat een pand te ontruimen en je bent verantwoordelijk voor de juiste communicatie. Voor dat je start als BHV-er volg je een eendaagse BHV basisopleiding en de theorie via een E-learning module.<br \/>\n<br \/>\n<b>Wat verwachten wij van jou? <\/b> <\/p>\n<ul>\n<li>Stressbestendig; je kunt kalm blijven, taken rustig uitvoeren en zaken rustig uitleggen, je houdt overzicht op de situatie, je kunt een situatie juist inschatten en daarnaar handelen;\n<li>Flexibel in het nemen van eigen verantwoordelijkheid;\n<li>Communicatief vaardig; uitstekende beheersing van de Nederlandse \u00e9n Engelse taal, je kunt mensen instrueren en op de hoogte houden, je vraagt om informatie, je spreekt mensen aan;\n<li>Daadkrachtig; je treedt op als autoriteit, je treedt handelend en besluitvaardig op bij een calamiteit of preventie daarvan, je geeft consequent uitvoering aan afspraken en basiskennis;\n<li>Het jaarlijks volgen van verplichte herhalingslessen (2 dagdelen) in eigen tijd;\n<li>Je bent minimaal 1 avond per week en twee vrijdagen per maand beschikbaar;\n<li>Je bent op dit moment nog 2 jaar ingeschreven als student bij Tilburg University;\n<li>Je bent op dit moment nog niet voornemens op stage of exchange te gaan.<br \/>\n\n<\/ul>\n<p><b>Wat bieden wij<\/b><br \/>\nEen uitdagende bijbaan waarbij, bij geen calamiteiten of activiteiten, ruimte is voor studeren tijdens werktijd. Je werkplek bevindt zich in de bibliotheek op de campus of op de locaties Reitse<br \/>\nToren en Reitse Poort. Het bruto uurloon bedraagt \u20ac 10,00. Hierbij worden de eerste 2 uren uitbetaald tegen 100% en de 3 uren daarna tegen 25%. Bij een calamiteit worden de uren die nodig zijn geweest tegen 100% uitbetaald. De opleidingskosten en de kosten voor de herhalingslessen worden betaald door Tilburg University. De opleiding en herhalingslessen vinden plaats in eigen tijd.<br \/>\n<br \/>\n<b>Sollicitatieprocedure<\/b><br \/>\nSolliciteren doe je door je CV en korte motivatie per e-mail te verzenden aan work@kcs-tilburg.nl. Indien je al over een geldig BHV diploma beschikt dan dit graag vermelden in je sollicitatie. Bij een juiste motivatie en beschikbaarheid wordt je opgenomen in ons portefeuillebestand. Zodra er een actieve vacature ontstaat, zullen wij je benaderen.<\/p>\n","protected":false},"excerpt":{"rendered":"<p>De dienstverlening van KCS spitst zich toe op detachering, payrolling en de werving &#038; selectie van personeel ten behoeve van o.a. Tilburg University. Mocht er aan het einde van een sollicitatieprocedure overeenstemming worden bereikt, dan is de kans groot dat je via KCS gedetacheerd wordt bij Tilburg University. Tilburg University is een aantrekkelijke opdrachtgever om &hellip; <a href=\"https:\/\/www.kcs-tilburg.nl\/en\/bhv-er\/\" class=\"more-link\">Continue reading <span class=\"screen-reader-text\">BHV-er<\/span><\/a><\/p>\n","protected":false},"author":15,"featured_media":0,"parent":0,"menu_order":0,"comment_status":"closed","ping_status":"closed","template":"","meta":{"_acf_changed":false,"footnotes":""},"class_list":["post-917","page","type-page","status-publish","hentry"],"acf":[],"yoast_head":"<!-- This site is optimized with the Yoast SEO plugin v27.3 - https:\/\/yoast.com\/product\/yoast-seo-wordpress\/ -->\n<title>BHV-er - KCS EN<\/title>\n<meta name=\"robots\" content=\"index, follow, max-snippet:-1, max-image-preview:large, max-video-preview:-1\" \/>\n<link rel=\"canonical\" href=\"https:\/\/www.kcs-tilburg.nl\/en\/bhv-er\/\" \/>\n<meta property=\"og:locale\" content=\"en_GB\" \/>\n<meta property=\"og:type\" content=\"article\" \/>\n<meta property=\"og:title\" content=\"BHV-er - KCS EN\" \/>\n<meta property=\"og:description\" content=\"De dienstverlening van KCS spitst zich toe op detachering, payrolling en de werving &#038; selectie van personeel ten behoeve van o.a. Tilburg University. Mocht er aan het einde van een sollicitatieprocedure overeenstemming worden bereikt, dan is de kans groot dat je via KCS gedetacheerd wordt bij Tilburg University. Tilburg University is een aantrekkelijke opdrachtgever om &hellip; Continue reading BHV-er\" \/>\n<meta property=\"og:url\" content=\"https:\/\/www.kcs-tilburg.nl\/en\/bhv-er\/\" \/>\n<meta property=\"og:site_name\" content=\"KCS EN\" \/>\n<meta property=\"article:modified_time\" content=\"2018-11-15T09:32:40+00:00\" \/>\n<meta name=\"twitter:card\" content=\"summary_large_image\" \/>\n<meta name=\"twitter:label1\" content=\"Estimated reading time\" \/>\n\t<meta name=\"twitter:data1\" content=\"3 minutes\" \/>\n<script type=\"application\/ld+json\" class=\"yoast-schema-graph\">{\"@context\":\"https:\\\/\\\/schema.org\",\"@graph\":[{\"@type\":\"WebPage\",\"@id\":\"https:\\\/\\\/www.kcs-tilburg.nl\\\/en\\\/bhv-er\\\/\",\"url\":\"https:\\\/\\\/www.kcs-tilburg.nl\\\/en\\\/bhv-er\\\/\",\"name\":\"BHV-er - KCS EN\",\"isPartOf\":{\"@id\":\"https:\\\/\\\/www.kcs-tilburg.nl\\\/en\\\/#website\"},\"datePublished\":\"2017-09-12T07:18:24+00:00\",\"dateModified\":\"2018-11-15T09:32:40+00:00\",\"breadcrumb\":{\"@id\":\"https:\\\/\\\/www.kcs-tilburg.nl\\\/en\\\/bhv-er\\\/#breadcrumb\"},\"inLanguage\":\"en-GB\",\"potentialAction\":[{\"@type\":\"ReadAction\",\"target\":[\"https:\\\/\\\/www.kcs-tilburg.nl\\\/en\\\/bhv-er\\\/\"]}]},{\"@type\":\"BreadcrumbList\",\"@id\":\"https:\\\/\\\/www.kcs-tilburg.nl\\\/en\\\/bhv-er\\\/#breadcrumb\",\"itemListElement\":[{\"@type\":\"ListItem\",\"position\":1,\"name\":\"Home\",\"item\":\"https:\\\/\\\/www.kcs-tilburg.nl\\\/en\\\/\"},{\"@type\":\"ListItem\",\"position\":2,\"name\":\"BHV-er\"}]},{\"@type\":\"WebSite\",\"@id\":\"https:\\\/\\\/www.kcs-tilburg.nl\\\/en\\\/#website\",\"url\":\"https:\\\/\\\/www.kcs-tilburg.nl\\\/en\\\/\",\"name\":\"KCS EN\",\"description\":\"Recruitment &amp; payrolling for flexible talent\",\"potentialAction\":[{\"@type\":\"SearchAction\",\"target\":{\"@type\":\"EntryPoint\",\"urlTemplate\":\"https:\\\/\\\/www.kcs-tilburg.nl\\\/en\\\/?s={search_term_string}\"},\"query-input\":{\"@type\":\"PropertyValueSpecification\",\"valueRequired\":true,\"valueName\":\"search_term_string\"}}],\"inLanguage\":\"en-GB\"}]}<\/script>\n<!-- \/ Yoast SEO plugin. -->","yoast_head_json":{"title":"BHV-er - KCS EN","robots":{"index":"index","follow":"follow","max-snippet":"max-snippet:-1","max-image-preview":"max-image-preview:large","max-video-preview":"max-video-preview:-1"},"canonical":"https:\/\/www.kcs-tilburg.nl\/en\/bhv-er\/","og_locale":"en_GB","og_type":"article","og_title":"BHV-er - KCS EN","og_description":"De dienstverlening van KCS spitst zich toe op detachering, payrolling en de werving &#038; selectie van personeel ten behoeve van o.a. Tilburg University. Mocht er aan het einde van een sollicitatieprocedure overeenstemming worden bereikt, dan is de kans groot dat je via KCS gedetacheerd wordt bij Tilburg University. Tilburg University is een aantrekkelijke opdrachtgever om &hellip; Continue reading BHV-er","og_url":"https:\/\/www.kcs-tilburg.nl\/en\/bhv-er\/","og_site_name":"KCS EN","article_modified_time":"2018-11-15T09:32:40+00:00","twitter_card":"summary_large_image","twitter_misc":{"Estimated reading time":"3 minutes"},"schema":{"@context":"https:\/\/schema.org","@graph":[{"@type":"WebPage","@id":"https:\/\/www.kcs-tilburg.nl\/en\/bhv-er\/","url":"https:\/\/www.kcs-tilburg.nl\/en\/bhv-er\/","name":"BHV-er - KCS EN","isPartOf":{"@id":"https:\/\/www.kcs-tilburg.nl\/en\/#website"},"datePublished":"2017-09-12T07:18:24+00:00","dateModified":"2018-11-15T09:32:40+00:00","breadcrumb":{"@id":"https:\/\/www.kcs-tilburg.nl\/en\/bhv-er\/#breadcrumb"},"inLanguage":"en-GB","potentialAction":[{"@type":"ReadAction","target":["https:\/\/www.kcs-tilburg.nl\/en\/bhv-er\/"]}]},{"@type":"BreadcrumbList","@id":"https:\/\/www.kcs-tilburg.nl\/en\/bhv-er\/#breadcrumb","itemListElement":[{"@type":"ListItem","position":1,"name":"Home","item":"https:\/\/www.kcs-tilburg.nl\/en\/"},{"@type":"ListItem","position":2,"name":"BHV-er"}]},{"@type":"WebSite","@id":"https:\/\/www.kcs-tilburg.nl\/en\/#website","url":"https:\/\/www.kcs-tilburg.nl\/en\/","name":"KCS EN","description":"Recruitment &amp; payrolling for flexible talent","potentialAction":[{"@type":"SearchAction","target":{"@type":"EntryPoint","urlTemplate":"https:\/\/www.kcs-tilburg.nl\/en\/?s={search_term_string}"},"query-input":{"@type":"PropertyValueSpecification","valueRequired":true,"valueName":"search_term_string"}}],"inLanguage":"en-GB"}]}},"_links":{"self":[{"href":"https:\/\/www.kcs-tilburg.nl\/en\/wp-json\/wp\/v2\/pages\/917","targetHints":{"allow":["GET"]}}],"collection":[{"href":"https:\/\/www.kcs-tilburg.nl\/en\/wp-json\/wp\/v2\/pages"}],"about":[{"href":"https:\/\/www.kcs-tilburg.nl\/en\/wp-json\/wp\/v2\/types\/page"}],"author":[{"embeddable":true,"href":"https:\/\/www.kcs-tilburg.nl\/en\/wp-json\/wp\/v2\/users\/15"}],"replies":[{"embeddable":true,"href":"https:\/\/www.kcs-tilburg.nl\/en\/wp-json\/wp\/v2\/comments?post=917"}],"version-history":[{"count":35,"href":"https:\/\/www.kcs-tilburg.nl\/en\/wp-json\/wp\/v2\/pages\/917\/revisions"}],"predecessor-version":[{"id":1158,"href":"https:\/\/www.kcs-tilburg.nl\/en\/wp-json\/wp\/v2\/pages\/917\/revisions\/1158"}],"wp:attachment":[{"href":"https:\/\/www.kcs-tilburg.nl\/en\/wp-json\/wp\/v2\/media?parent=917"}],"curies":[{"name":"wp","href":"https:\/\/api.w.org\/{rel}","templated":true}]}}